
{"id":78204,"date":"2022-07-26T14:24:31","date_gmt":"2022-07-26T12:24:31","guid":{"rendered":"https:\/\/inmosolycasas.com\/privacybeleid\/"},"modified":"2023-01-04T14:01:44","modified_gmt":"2023-01-04T13:01:44","slug":"privacy-policy","status":"publish","type":"page","link":"https:\/\/inmosolycasas.com\/en\/privacy-policy\/","title":{"rendered":"Privacy policy"},"content":{"rendered":"<p style=\"text-align: center;\">Mira nuestras Pol\u00edticas de Privacidad<\/p>\n<p>PRIVACIDAD<\/p>\n<p>Identidad:\u00a0PROMINMOCOSTA XXI, S.L.<\/p>\n<p>Domicilio social:\u00a0Calle Sor Josefa Alcorta, 70<\/p>\n<p>CIUDAD Y CP: ELCHE, 03204 ( ESPA\u00d1A )<\/p>\n<p>CIF: ES B10889103<\/p>\n<p>Datos Registrales:<\/p>\n<div>Tomo: 4489, Libro: \u00a00, Folio: 111, Secci\u00f3n: \u00a08, Hoja: A 180733<\/div>\n<div><\/div>\n<div>En el Registro Mercantil de Alicante: 1\/2022\/27.285.0 Fecha: 28\/12\/2022<\/div>\n<div><\/div>\n<div>Tel\u00e9fono Holanda: +31 647910012<br \/>\nTel\u00e9fono Espa\u00f1a: +34 611744033<\/div>\n<p>Correo Electr\u00f3nico: <a href=\"mailto:info@inmosolycasas.com\" target=\"_blank\" rel=\"noopener\">info@<wbr \/>inmosolycasas.com<\/a><\/p>\n<p>Nombre del dominio: <a href=\"https:\/\/inmosolycasas.com\">https:\/\/inmosolycasas.com<\/a><\/p>\n<p>Finalidades \u2013 \u00bfcon qu\u00e9 finalidades tratamos tus datos?<\/p>\n<p>En cumplimiento de lo dispuesto en el Reglamento Europeo 2016\/679 General de Protecci\u00f3n de Datos, te informamos de que trataremos los datos que nos facilitas para:<\/p>\n<ul>\n<li>Gestionar la contrataci\u00f3n de servicios que realice a trav\u00e9s de la Plataforma, as\u00ed como la facturaci\u00f3n y entrega correspondiente.<\/li>\n<li>Remitir peri\u00f3dicamente comunicaciones sobre servicios, eventos y noticias relacionadas con las actividades desarrolladas por PROMINMOCOSTA XXI, S.L., por cualquier medio (tel\u00e9fono, correo postal o email), salvo que se indique lo contrario o el usuario se oponga o revoque su consentimiento.<\/li>\n<li>Remitir informaci\u00f3n comercial y \/ o promocional relacionada con el sector de servicios contratados y valor a\u00f1adido para usuarios finales, salvo que se indique lo contrario o el usuario se oponga o revoque su consentimiento.<\/li>\n<li>Dar cumplimiento a las obligaciones legalmente establecidas, as\u00ed como verificar el cumplimiento de las obligaciones contractuales, inclu\u00eda la prevenci\u00f3n de fraude.<\/li>\n<li>Cesi\u00f3n de datos a organismos y autoridades, siempre y cuando sean requeridos de conformidad con las disposiciones legales y reglamentarias.<\/li>\n<\/ul>\n<p>Categor\u00edas de datos \u2013 \u00bfQu\u00e9 datos tratamos?<\/p>\n<p>Derivada de las finalidades antes mencionadas, en PROMINMOCOSTA XXI, S.L., gestionamos las siguientes categor\u00edas de datos:<\/p>\n<ul>\n<li>Datos identificativos<\/li>\n<li>Metadatos de comunicaciones electr\u00f3nicas<\/li>\n<li>Datos de informaci\u00f3n comercial. En caso de que el usuario facilite datos de terceros, manifiesta contar con el consentimiento de estos y se compromete a trasladarle la informaci\u00f3n contenida en esta cl\u00e1usula, eximiendo a Agencia Villa Mediterr\u00e1nea de cualquier responsabilidad en este sentido.<\/li>\n<li>No obstante, PROMINMOCOSTA XXI, S.L.,podr\u00e1 llevar a cabo las verificaciones para constatar este hecho, adoptando las medidas de diligencia debida que correspondan, conforme a la normativa de protecci\u00f3n de datos.<\/li>\n<\/ul>\n<p>Legitimaci\u00f3n \u2013 \u00bfcu\u00e1l es la legitimaci\u00f3n para el tratamiento de tus datos?<\/p>\n<p>El tratamiento de datos cuyo fin es el env\u00edo de boletines peri\u00f3dicos (newslettering) sobre servicios, eventos y noticias relacionadas con nuestra actividad profesional se basa en el consentimiento del interesado, solicitado expresamente para llevar a cabo dichos tratamientos, de acuerdo con la normativa vigente.<br \/>\nAdem\u00e1s, la legitimaci\u00f3n para el tratamiento de los datos relacionados con ofertas o colaboraciones se basan en el consentimiento del usuario que remite sus datos, que puede retirar en cualquier momento, si bien ello puede afectar a la posible comunicaci\u00f3n de forma fluida y obstrucci\u00f3n de procesos que desea realizar.<br \/>\nPor \u00faltimo, los datos se podr\u00e1n utilizar para dar cumplimiento a las obligaciones legales aplicables a PROMINMOCOSTA XXI, S.L.<\/p>\n<p>Plazo de Conservaci\u00f3n de los Datos \u2013 \u00bfPor cu\u00e1nto tiempo conservaremos tus datos?<\/p>\n<p>PROMINMOCOSTA XXI, S.L., conservar\u00e1 los datos personales de los usuarios \u00fanicamente durante el tiempo necesario para la realizaci\u00f3n de las finalidades para las que fueron recogidos, mientras no revoque los consentimientos otorgados. Posteriormente, en caso de ser necesario, mantendr\u00e1 la informaci\u00f3n bloqueada durante los plazos legalmente establecidos.<\/p>\n<p>Destinatarios \u00bfA qu\u00e9 destinatarios se comunicar\u00e1n tus datos?<\/p>\n<p>Tus datos podr\u00e1n ser accedidos por aquellos proveedores que prestan servicios a PROMINMOCOSTA XXI, S.L., tales como servicios de alojamiento, herramientas de marketing y sistemas de contenido u otros profesionales, cuando dicha comunicaci\u00f3n sea necesaria normativamente, o para la ejecuci\u00f3n de los servicios contratados.<\/p>\n<p>PROMINMOCOSTA XXI, S.L., ha suscrito los correspondientes contratos de encargo de tratamiento con cada uno de los proveedores que prestan servicios a PROMINMOCOSTA XXI S.L., con el objetivo de garantizar que dichos proveedores tratar\u00e1n tus datos de conformidad con lo establecido en la legislaci\u00f3n vigente.<\/p>\n<p>Tambi\u00e9n podr\u00e1n ser cedidos a las Fuerzas y Cuerpos de Seguridad del Estado en los casos que exista una obligaci\u00f3n legal.<\/p>\n<p>Bancos y entidades financieras, para el cobro de los servicios.<br \/>\nAdministraciones p\u00fablicas con competencia en los sectores de actividad, cuando as\u00ed lo establezca la normativa vigente.<\/p>\n<p>Seguridad de la Informaci\u00f3n \u2013 \u00bfQu\u00e9 medidas de seguridad implantamos para cuidar sus datos?<\/p>\n<p>Para proteger las diferentes tipolog\u00edas de datos reflejados en esta pol\u00edtica de privacidad llevar\u00e1 a cabo las medidas de seguridad t\u00e9cnicas necesarias para evitar su p\u00e9rdida, manipulaci\u00f3n, difusi\u00f3n o alteraci\u00f3n.<\/p>\n<ul>\n<li>Encriptaci\u00f3n de las comunicaciones entre el dispositivo del usuario y los servidores de PROMINMOCOSTA XXI, S.L.<\/li>\n<li>Encriptaci\u00f3n de la informaci\u00f3n en los propios servidores de PROMINMOCOSTA XXI, S.L.<\/li>\n<li>Otras medidas que eviten el acceso a los datos del usuario por parte de terceros.<\/li>\n<li>En aquellos casos en los que PROMINMOCOSTA XXI, S.L.<em>., cuente<\/em> con prestadores de servicio para el mantenimiento de la plataforma que se encuentren fuera de la Uni\u00f3n Europea, estas trasferencias internacionales se hayan regularizadas atendiendo al compromiso de PROMINMOCOSTA XXI, S.L.con la protecci\u00f3n, integridad y seguridad de los datos personales de los usuarios.<\/li>\n<\/ul>\n<p>Derechos \u2013 \u00bfCu\u00e1les son tus derechos cuando nos facilitas tus datos y c\u00f3mo puedes ejercerlos?<\/p>\n<p>Tienes derecho a obtener confirmaci\u00f3n sobre si en PROMINMOCOSTA XXI, S.L. <em>estamos<\/em> tratando datos personales que te conciernan, o no.<br \/>\nAsimismo, tienes derecho a acceder a tus datos personales, as\u00ed como a solicitar la rectificaci\u00f3n de los datos inexactos o, en su caso, solicitar su supresi\u00f3n cuando, entre otros motivos, los datos ya no sean necesarios para los fines que fueron recogidos.<\/p>\n<p>En determinadas circunstancias, podr\u00e1s solicitar la limitaci\u00f3n del tratamiento de tus datos, en cuyo caso \u00fanicamente los conservaremos para el ejercicio o la defensa de reclamaciones.<br \/>\nEn determinadas circunstancias y por motivos relacionados con tu situaci\u00f3n particular, podr\u00e1s oponerte al tratamiento de tus datos. PROMINMOCOSTA XXI, S.L.ejar\u00e1 de tratar los datos, salvo por motivos leg\u00edtimos imperiosos, o el ejercicio o la defensa de posibles reclamaciones.<\/p>\n<p>Asimismo, puedes ejercer el derecho a la portabilidad de los datos, as\u00ed como retirar los consentimientos facilitados en cualquier momento, sin que ello afecte a la licitud del tratamiento basado en el consentimiento previo a su retirada.<\/p>\n<p>Si deseas hacer uso de cualquiera de tus derechos puede dirigirse a<\/p>\n<p>e-mail: info@inmosolycasas.com<\/p>\n<p>Por \u00faltimo, te informamos que puedes dirigirte ante la Agencia Espa\u00f1ola de Protecci\u00f3n de Datos y dem\u00e1s organismos p\u00fablicos competentes para cualquier reclamaci\u00f3n derivada del tratamiento de tus datos personales.<\/p>\n<p>Modificaci\u00f3n de la pol\u00edtica de privacidad<\/p>\n<p>PROMINMOCOSTA XXI, S.L., podr\u00e1 modificar la presente Pol\u00edtica de Privacidad en cualquier momento, siendo publicadas las sucesivas versiones en el Sitio Web. En cualquier caso, PROMINMOCOSTA XXI, S.L., comunicar\u00e1 con previo aviso las modificaciones de la presente pol\u00edtica que afecten a los usuarios a fin de que puedan aceptar las mismas.<\/p>\n<p>La presente Pol\u00edtica de Privacidad se encuentra actualizada a fecha 25\/07\/20022 PROMINMOCOSTA XXI, S.L. Reservados todos los derechos.<\/p>\n<p>Si lo deseas tambi\u00e9n puedes consultar nuestra\u00a0<a href=\"https:\/\/inmosolycasas.com\/en\/cookie-policy\/\">Pol\u00edtica de Cookies<\/a><\/p>\n<p>&nbsp;<\/p>\n","protected":false},"excerpt":{"rendered":"<p>Mira nuestras Pol\u00edticas de Privacidad PRIVACIDAD Identidad:\u00a0PROMINMOCOSTA XXI, S.L. Domicilio social:\u00a0Calle Sor Josefa Alcorta, 70 CIUDAD Y CP: ELCHE, 03204 ( ESPA\u00d1A ) CIF: ES B10889103 Datos Registrales: Tomo: 4489, Libro: \u00a00, Folio: 111, Secci\u00f3n: \u00a08, Hoja: A 180733 En el Registro Mercantil de Alicante: 1\/2022\/27.285.0 Fecha: 28\/12\/2022 Tel\u00e9fono Holanda: +31 647910012 Tel\u00e9fono Espa\u00f1a: +34 [&hellip;]<\/p>\n","protected":false},"author":1,"featured_media":0,"parent":0,"menu_order":0,"comment_status":"closed","ping_status":"closed","template":"","meta":{"_monsterinsights_skip_tracking":false,"_monsterinsights_sitenote_active":false,"_monsterinsights_sitenote_note":"","_monsterinsights_sitenote_category":0},"yoast_head":"<!-- This site is optimized with the Yoast SEO plugin v18.6 - https:\/\/yoast.com\/wordpress\/plugins\/seo\/ -->\n<title>Privacy policy - Inmo Sol y Casas<\/title>\n<meta name=\"robots\" content=\"index, follow, max-snippet:-1, max-image-preview:large, max-video-preview:-1\" \/>\n<link rel=\"canonical\" href=\"https:\/\/inmosolycasas.com\/en\/privacy-policy\/\" \/>\n<meta property=\"og:locale\" content=\"en_US\" \/>\n<meta property=\"og:type\" content=\"article\" \/>\n<meta property=\"og:title\" content=\"Privacy policy - Inmo Sol y Casas\" \/>\n<meta property=\"og:description\" content=\"Mira nuestras Pol\u00edticas de Privacidad PRIVACIDAD Identidad:\u00a0PROMINMOCOSTA XXI, S.L. Domicilio social:\u00a0Calle Sor Josefa Alcorta, 70 CIUDAD Y CP: ELCHE, 03204 ( ESPA\u00d1A ) CIF: ES B10889103 Datos Registrales: Tomo: 4489, Libro: \u00a00, Folio: 111, Secci\u00f3n: \u00a08, Hoja: A 180733 En el Registro Mercantil de Alicante: 1\/2022\/27.285.0 Fecha: 28\/12\/2022 Tel\u00e9fono Holanda: +31 647910012 Tel\u00e9fono Espa\u00f1a: +34 [&hellip;]\" \/>\n<meta property=\"og:url\" content=\"https:\/\/inmosolycasas.com\/en\/privacy-policy\/\" \/>\n<meta property=\"og:site_name\" content=\"Inmo Sol y Casas\" \/>\n<meta property=\"article:modified_time\" content=\"2023-01-04T13:01:44+00:00\" \/>\n<meta name=\"twitter:card\" content=\"summary_large_image\" \/>\n<meta name=\"twitter:label1\" content=\"Est. reading time\" \/>\n\t<meta name=\"twitter:data1\" content=\"5 minutes\" \/>\n<script type=\"application\/ld+json\" class=\"yoast-schema-graph\">{\"@context\":\"https:\/\/schema.org\",\"@graph\":[{\"@type\":\"Organization\",\"@id\":\"https:\/\/inmosolycasas.com\/#organization\",\"name\":\"Casa Galera\",\"url\":\"https:\/\/inmosolycasas.com\/\",\"sameAs\":[],\"logo\":{\"@type\":\"ImageObject\",\"@id\":\"https:\/\/inmosolycasas.com\/#logo\",\"inLanguage\":\"en-US\",\"url\":\"https:\/\/inmosolycasas.com\/wp-content\/uploads\/2021\/04\/logo.png\",\"contentUrl\":\"https:\/\/inmosolycasas.com\/wp-content\/uploads\/2021\/04\/logo.png\",\"width\":250,\"height\":83,\"caption\":\"Casa Galera\"},\"image\":{\"@id\":\"https:\/\/inmosolycasas.com\/#logo\"}},{\"@type\":\"WebSite\",\"@id\":\"https:\/\/inmosolycasas.com\/#website\",\"url\":\"https:\/\/inmosolycasas.com\/\",\"name\":\"Inmo Sol y Casas\",\"description\":\"\",\"publisher\":{\"@id\":\"https:\/\/inmosolycasas.com\/#organization\"},\"potentialAction\":[{\"@type\":\"SearchAction\",\"target\":{\"@type\":\"EntryPoint\",\"urlTemplate\":\"https:\/\/inmosolycasas.com\/?s={search_term_string}\"},\"query-input\":\"required name=search_term_string\"}],\"inLanguage\":\"en-US\"},{\"@type\":\"WebPage\",\"@id\":\"https:\/\/inmosolycasas.com\/en\/privacy-policy\/#webpage\",\"url\":\"https:\/\/inmosolycasas.com\/en\/privacy-policy\/\",\"name\":\"Privacy policy - Inmo Sol y Casas\",\"isPartOf\":{\"@id\":\"https:\/\/inmosolycasas.com\/#website\"},\"datePublished\":\"2022-07-26T12:24:31+00:00\",\"dateModified\":\"2023-01-04T13:01:44+00:00\",\"breadcrumb\":{\"@id\":\"https:\/\/inmosolycasas.com\/en\/privacy-policy\/#breadcrumb\"},\"inLanguage\":\"en-US\",\"potentialAction\":[{\"@type\":\"ReadAction\",\"target\":[\"https:\/\/inmosolycasas.com\/en\/privacy-policy\/\"]}]},{\"@type\":\"BreadcrumbList\",\"@id\":\"https:\/\/inmosolycasas.com\/en\/privacy-policy\/#breadcrumb\",\"itemListElement\":[{\"@type\":\"ListItem\",\"position\":1,\"name\":\"Home\",\"item\":\"https:\/\/inmosolycasas.com\/en\/\"},{\"@type\":\"ListItem\",\"position\":2,\"name\":\"Privacy policy\"}]}]}<\/script>\n<!-- \/ Yoast SEO plugin. -->","yoast_head_json":{"title":"Privacy policy - Inmo Sol y Casas","robots":{"index":"index","follow":"follow","max-snippet":"max-snippet:-1","max-image-preview":"max-image-preview:large","max-video-preview":"max-video-preview:-1"},"canonical":"https:\/\/inmosolycasas.com\/en\/privacy-policy\/","og_locale":"en_US","og_type":"article","og_title":"Privacy policy - Inmo Sol y Casas","og_description":"Mira nuestras Pol\u00edticas de Privacidad PRIVACIDAD Identidad:\u00a0PROMINMOCOSTA XXI, S.L. Domicilio social:\u00a0Calle Sor Josefa Alcorta, 70 CIUDAD Y CP: ELCHE, 03204 ( ESPA\u00d1A ) CIF: ES B10889103 Datos Registrales: Tomo: 4489, Libro: \u00a00, Folio: 111, Secci\u00f3n: \u00a08, Hoja: A 180733 En el Registro Mercantil de Alicante: 1\/2022\/27.285.0 Fecha: 28\/12\/2022 Tel\u00e9fono Holanda: +31 647910012 Tel\u00e9fono Espa\u00f1a: +34 [&hellip;]","og_url":"https:\/\/inmosolycasas.com\/en\/privacy-policy\/","og_site_name":"Inmo Sol y Casas","article_modified_time":"2023-01-04T13:01:44+00:00","twitter_card":"summary_large_image","twitter_misc":{"Est. reading time":"5 minutes"},"schema":{"@context":"https:\/\/schema.org","@graph":[{"@type":"Organization","@id":"https:\/\/inmosolycasas.com\/#organization","name":"Casa Galera","url":"https:\/\/inmosolycasas.com\/","sameAs":[],"logo":{"@type":"ImageObject","@id":"https:\/\/inmosolycasas.com\/#logo","inLanguage":"en-US","url":"https:\/\/inmosolycasas.com\/wp-content\/uploads\/2021\/04\/logo.png","contentUrl":"https:\/\/inmosolycasas.com\/wp-content\/uploads\/2021\/04\/logo.png","width":250,"height":83,"caption":"Casa Galera"},"image":{"@id":"https:\/\/inmosolycasas.com\/#logo"}},{"@type":"WebSite","@id":"https:\/\/inmosolycasas.com\/#website","url":"https:\/\/inmosolycasas.com\/","name":"Inmo Sol y Casas","description":"","publisher":{"@id":"https:\/\/inmosolycasas.com\/#organization"},"potentialAction":[{"@type":"SearchAction","target":{"@type":"EntryPoint","urlTemplate":"https:\/\/inmosolycasas.com\/?s={search_term_string}"},"query-input":"required name=search_term_string"}],"inLanguage":"en-US"},{"@type":"WebPage","@id":"https:\/\/inmosolycasas.com\/en\/privacy-policy\/#webpage","url":"https:\/\/inmosolycasas.com\/en\/privacy-policy\/","name":"Privacy policy - Inmo Sol y Casas","isPartOf":{"@id":"https:\/\/inmosolycasas.com\/#website"},"datePublished":"2022-07-26T12:24:31+00:00","dateModified":"2023-01-04T13:01:44+00:00","breadcrumb":{"@id":"https:\/\/inmosolycasas.com\/en\/privacy-policy\/#breadcrumb"},"inLanguage":"en-US","potentialAction":[{"@type":"ReadAction","target":["https:\/\/inmosolycasas.com\/en\/privacy-policy\/"]}]},{"@type":"BreadcrumbList","@id":"https:\/\/inmosolycasas.com\/en\/privacy-policy\/#breadcrumb","itemListElement":[{"@type":"ListItem","position":1,"name":"Home","item":"https:\/\/inmosolycasas.com\/en\/"},{"@type":"ListItem","position":2,"name":"Privacy policy"}]}]}},"_links":{"self":[{"href":"https:\/\/inmosolycasas.com\/en\/wp-json\/wp\/v2\/pages\/78204"}],"collection":[{"href":"https:\/\/inmosolycasas.com\/en\/wp-json\/wp\/v2\/pages"}],"about":[{"href":"https:\/\/inmosolycasas.com\/en\/wp-json\/wp\/v2\/types\/page"}],"author":[{"embeddable":true,"href":"https:\/\/inmosolycasas.com\/en\/wp-json\/wp\/v2\/users\/1"}],"replies":[{"embeddable":true,"href":"https:\/\/inmosolycasas.com\/en\/wp-json\/wp\/v2\/comments?post=78204"}],"version-history":[{"count":3,"href":"https:\/\/inmosolycasas.com\/en\/wp-json\/wp\/v2\/pages\/78204\/revisions"}],"predecessor-version":[{"id":91255,"href":"https:\/\/inmosolycasas.com\/en\/wp-json\/wp\/v2\/pages\/78204\/revisions\/91255"}],"wp:attachment":[{"href":"https:\/\/inmosolycasas.com\/en\/wp-json\/wp\/v2\/media?parent=78204"}],"curies":[{"name":"wp","href":"https:\/\/api.w.org\/{rel}","templated":true}]}}