
{"id":10353,"date":"2016-03-10T14:36:36","date_gmt":"2016-03-10T13:36:36","guid":{"rendered":"https:\/\/inmosolycasas.com\/over-ons\/"},"modified":"2022-08-22T11:04:21","modified_gmt":"2022-08-22T09:04:21","slug":"obre-agencia-inmobiliaria-costa-blanca","status":"publish","type":"page","link":"https:\/\/inmosolycasas.com\/es\/obre-agencia-inmobiliaria-costa-blanca\/","title":{"rendered":"Sobre nosotros"},"content":{"rendered":"\t\t<div data-elementor-type=\"wp-post\" data-elementor-id=\"10353\" class=\"elementor elementor-10353 elementor-692\" data-elementor-settings=\"[]\">\n\t\t\t\t\t\t\t<div class=\"elementor-section-wrap\">\n\t\t\t\t\t\t\t<section class=\"elementor-section elementor-top-section elementor-element elementor-element-eedba77 elementor-section-height-min-height animated-slow elementor-section-boxed elementor-section-height-default elementor-section-items-middle elementor-invisible\" data-id=\"eedba77\" data-element_type=\"section\" data-settings=\"{&quot;background_background&quot;:&quot;classic&quot;,&quot;animation&quot;:&quot;fadeIn&quot;}\">\n\t\t\t\t\t\t\t<div class=\"elementor-background-overlay\"><\/div>\n\t\t\t\t\t\t\t<div class=\"elementor-container elementor-column-gap-default\">\n\t\t\t\t\t<div class=\"elementor-column elementor-col-100 elementor-top-column elementor-element elementor-element-239ddbf4\" data-id=\"239ddbf4\" data-element_type=\"column\">\n\t\t\t<div class=\"elementor-widget-wrap elementor-element-populated\">\n\t\t\t\t\t\t\t\t<div class=\"elementor-element elementor-element-baca4fa elementor-widget elementor-widget-houzez_elementor_section_title\" data-id=\"baca4fa\" data-element_type=\"widget\" data-widget_type=\"houzez_elementor_section_title.default\">\n\t\t\t\t<div class=\"elementor-widget-container\">\n\t\t\t            <div class=\"houzez_section_title_wrap section-title-module\">\n                                    <h2 class=\"houzez_section_title\">Sobre nosotros<\/h2>\n                \n                            <\/div>\n            \t\t<\/div>\n\t\t\t\t<\/div>\n\t\t\t\t\t<\/div>\n\t\t<\/div>\n\t\t\t\t\t\t\t<\/div>\n\t\t<\/section>\n\t\t\t\t<section class=\"elementor-section elementor-top-section elementor-element elementor-element-52763c3a elementor-section-boxed elementor-section-height-default elementor-section-height-default\" data-id=\"52763c3a\" data-element_type=\"section\" data-settings=\"{&quot;background_background&quot;:&quot;classic&quot;}\">\n\t\t\t\t\t\t<div class=\"elementor-container elementor-column-gap-default\">\n\t\t\t\t\t<div class=\"elementor-column elementor-col-100 elementor-top-column elementor-element elementor-element-1feb9674\" data-id=\"1feb9674\" data-element_type=\"column\">\n\t\t\t<div class=\"elementor-widget-wrap elementor-element-populated\">\n\t\t\t\t\t\t\t\t<div class=\"elementor-element elementor-element-690201b6 elementor-widget elementor-widget-spacer\" data-id=\"690201b6\" data-element_type=\"widget\" data-widget_type=\"spacer.default\">\n\t\t\t\t<div class=\"elementor-widget-container\">\n\t\t\t\t\t<div class=\"elementor-spacer\">\n\t\t\t<div class=\"elementor-spacer-inner\"><\/div>\n\t\t<\/div>\n\t\t\t\t<\/div>\n\t\t\t\t<\/div>\n\t\t\t\t<div class=\"elementor-element elementor-element-1d156598 elementor-widget elementor-widget-houzez_elementor_section_title\" data-id=\"1d156598\" data-element_type=\"widget\" data-widget_type=\"houzez_elementor_section_title.default\">\n\t\t\t\t<div class=\"elementor-widget-container\">\n\t\t\t            <div class=\"houzez_section_title_wrap section-title-module\">\n                                    <h2 class=\"houzez_section_title\">Bienvenidos<\/h2>\n                \n                            <\/div>\n            \t\t<\/div>\n\t\t\t\t<\/div>\n\t\t\t\t<div class=\"elementor-element elementor-element-5d508988 elementor-widget elementor-widget-text-editor\" data-id=\"5d508988\" data-element_type=\"widget\" data-widget_type=\"text-editor.default\">\n\t\t\t\t<div class=\"elementor-widget-container\">\n\t\t\t\t\t\t\t<p>En Inmo Sol y Casas tenemos m\u00e1s de 25 a\u00f1os de experiencia en la compra y venta de inmuebles en la Costa Blanca desde Denia hasta Torrevieja y estamos especializados en compradores y vendedores de inmuebles holandeses, belgas y espa\u00f1oles.<br \/>Hablamos con fluidez espa\u00f1ol, holand\u00e9s e ingl\u00e9s.<\/p><p>Actuamos como intermediario de Venta y Compra \u00a0como intermediario de venta. Entonces, si no encuentra nada interesante en nuestro sitio, tambi\u00e9n podemos ayudarlo a buscar y guiarlo para encontrar la casa de sus sue\u00f1os con uno de nuestros colegas.<\/p><p>\u00a0Pero si usted quiere vender su vivienda fuera de ESPA\u00d1A \u00a0pot ejemplo le podemos despues de llegar con Usted en la Venta de su vivienda en Holanda o Belgiica via Funda.nl, con quien tenemos fitmado in contralto mediante nuestro sucirsal en Holanda,y legalmente inscrito en la NVM ( asosacion de agentes inmobilarias de Holanda ) ,que pertenece legal a nuestre Empresas madre de ESPA\u00d1A.<\/p><p>Antes de firmar con usted un acuerdo exclusivo, pedimos nosotros la situaci\u00f3n de su vivienda en el registro. Y un vez todo controlado y de acuerdo por ambos partes firmamos el contrato, le hacemos un reportaje de fotos, unos 70, reportaje en 360 grados y v\u00eddeo para publicar en nuestros p\u00e1ginas, anuncios como en el portal m\u00e1s importante de Holanda y B\u00e9lgica. Y por el resto le tenemos informados los 7 d\u00edas de la semana. Trabajamos no solo con palabras, tambi\u00e9n von hechos y en su idioma.<\/p><p>Nuestro m\u00e9todo de trabajo es diferente al de la mayor\u00eda de los corredores. Queremos guiarlo de la A a la Z con sus compras o ventas y solo estamos listos cuando est\u00e9 100% satisfecho. Con nosotros, no termina con la firma ante notario, sino que somos y seguiremos siendo su punto de contacto para todos los asuntos perif\u00e9ricos adicionales.<\/p><p>Si su comprador es del extranjero nosotros le ayudamos de conseguir su NIE (n\u00famero fiscal espa\u00f1ol). Porque sin NIE no puede : abrir una cuenta bancaria, abrir un dep\u00f3sito de construcci\u00f3n, posiblemente solicitar una hipoteca, poder matricular tu coche en Espa\u00f1a, solicitar permisos para cualquier reforma, solicitar una etiqueta energ\u00e9tica, etc. \u00a1sobre! Usted quiere vender y nosotros le queremos ayudar en todo desde a hasta la z en la mesa del notario para la entrega del cheque bancario y los juegos de llaves, certificado de Energ\u00eda y todo los pagos al d\u00eda por parte del vendedor. Documentos si le faltan, como muchas veces este documento de energ\u00eda le ayudamos y le mandamos un ingeniero autorizado de hacer y firmar este documento.<\/p><p>Tambi\u00e9n podemos ayudar a un holand\u00e9s, belga, ingl\u00e9s o otros europeos con la venta o compra de vivienda y todo los documentos en castellano y traducido legal en su idioma.<br \/>Podemos verificar si todos los permisos oficiales est\u00e1n presentes. Si no es as\u00ed, lo averiguaremos por ti en el municipio donde quiere establecerse.<br \/>Si compra una casa existente, averiguaremos por usted si esa casa est\u00e1 realmente libre de deudas y si todav\u00eda hay facturas pendientes que nunca se han pagado. Nos aseguramos de que no te encuentres con sorpresas.<\/p><p>Con una vivienda de obra nueva, nos aseguramos de que tengas todos los permisos para empezar a vivir all\u00ed legalmente. Adem\u00e1s, recibir\u00e1s la conexi\u00f3n de agua, luz y gas directamente a su nombre. Con su cuenta bancaria espa\u00f1ola puede hacer que se debite autom\u00e1ticamente, incluso si no se encuentra en Espa\u00f1a en ese momento.<\/p><p>Tambi\u00e9n podemos ayudarlo con una casa que le gustar\u00eda renovar, por ejemplo, una ampliaci\u00f3n, una piscina, una cocina nueva, un ba\u00f1o o reparaciones menores. Solo trabajamos con profesionales, algunos de los cuales hemos trabajado durante m\u00e1s de 20 a\u00f1os. Tambi\u00e9n es muy importante para las renovaciones tramitar todos los permisos antes de que comience la renovaci\u00f3n. Antes de firmar el contrato de compra, podemos asegurarnos de que todos los permisos necesarios hayan sido aprobados por el arquitecto del municipio asociado, para que pueda estar seguro de que su sue\u00f1o se har\u00e1 realidad.<\/p><p>Despu\u00e9s de comprar su casa, tambi\u00e9n puede usar nuestros contactos para alquilar su casa. Un servicio con el que hemos ayudado a muchos propietarios desde 2008 hasta 2022. No tienes que preocuparte de nada, porque ellos se encargan del alquiler, del mantenimiento y de que los ingresos del alquiler se te depositen en tu cuenta bancaria. Con el plan de alquiler nos aseguramos de que puedas disfrutar de paz y tranquilidad cuando vengas de vacaciones y que no tengas preocupaciones cuando est\u00e9s en casa.<\/p><p>En definitiva, como puedes ver, hay muchas cosas que arreglar, en las que no pensar\u00e1s al principio, pero no dejes que esto te impida hacer realidad tu sue\u00f1o, porque para eso estamos aqu\u00ed.<br \/>Trabajamos con tarifas preacordadas, con resultados preacordados y solo estamos listos cuando est\u00e1 100% satisfecho.<br \/>Somos agente oficial de uno de los mayores bancos de Espa\u00f1a, Banco Sabadell.<br \/>Estamos seguros que con nuestro conocimiento y experiencia podremos ayudarle. Nuestra tarjeta de visita lleva muchos a\u00f1os prestando un servicio de primera. Trabajamos y somos directos, claros desde el primer momento. Lo notar\u00e1s desde nuestro primer contacto. Con palabras y hechos.<\/p><p>Si est\u00e1 interesado en la historia anterior, no dude en\u00a0<a href=\"https:\/\/inmosolycasas.com\/es\/contacto\/\">contactarnos<\/a>.<\/p><p>\u00a0<\/p>\t\t\t\t\t\t<\/div>\n\t\t\t\t<\/div>\n\t\t\t\t<div class=\"elementor-element elementor-element-028727a elementor-widget elementor-widget-image\" data-id=\"028727a\" data-element_type=\"widget\" data-widget_type=\"image.default\">\n\t\t\t\t<div class=\"elementor-widget-container\">\n\t\t\t\t\t\t\t\t\t\t\t\t\t\t\t<img width=\"300\" height=\"85\" src=\"https:\/\/inmosolycasas.com\/wp-content\/uploads\/2022\/04\/SOL_Y_CASAS_LOGO-300x85.png\" class=\"attachment-medium size-medium\" alt=\"\" loading=\"lazy\" srcset=\"https:\/\/inmosolycasas.com\/wp-content\/uploads\/2022\/04\/SOL_Y_CASAS_LOGO-300x85.png 300w, https:\/\/inmosolycasas.com\/wp-content\/uploads\/2022\/04\/SOL_Y_CASAS_LOGO.png 311w\" sizes=\"(max-width: 300px) 100vw, 300px\" \/>\t\t\t\t\t\t\t\t\t\t\t\t\t\t\t<\/div>\n\t\t\t\t<\/div>\n\t\t\t\t<div class=\"elementor-element elementor-element-4ff0a7f5 elementor-widget elementor-widget-spacer\" data-id=\"4ff0a7f5\" data-element_type=\"widget\" data-widget_type=\"spacer.default\">\n\t\t\t\t<div class=\"elementor-widget-container\">\n\t\t\t\t\t<div class=\"elementor-spacer\">\n\t\t\t<div class=\"elementor-spacer-inner\"><\/div>\n\t\t<\/div>\n\t\t\t\t<\/div>\n\t\t\t\t<\/div>\n\t\t\t\t\t<\/div>\n\t\t<\/div>\n\t\t\t\t\t\t\t<\/div>\n\t\t<\/section>\n\t\t\t\t\t\t<\/div>\n\t\t\t\t\t<\/div>\n\t\t","protected":false},"excerpt":{"rendered":"<p>Sobre nosotros Bienvenidos En Inmo Sol y Casas tenemos m\u00e1s de 25 a\u00f1os de experiencia en la compra y venta de inmuebles en la Costa Blanca desde Denia hasta Torrevieja y estamos especializados en compradores y vendedores de inmuebles holandeses, belgas y espa\u00f1oles.Hablamos con fluidez espa\u00f1ol, holand\u00e9s e ingl\u00e9s. Actuamos como intermediario de Venta y [&hellip;]<\/p>\n","protected":false},"author":1,"featured_media":68370,"parent":0,"menu_order":0,"comment_status":"closed","ping_status":"closed","template":"elementor_header_footer","meta":{"_monsterinsights_skip_tracking":false,"_monsterinsights_sitenote_active":false,"_monsterinsights_sitenote_note":"","_monsterinsights_sitenote_category":0},"yoast_head":"<!-- This site is optimized with the Yoast SEO plugin v18.6 - https:\/\/yoast.com\/wordpress\/plugins\/seo\/ -->\n<title>Sobre Agencia Inmobiliaria Costa Blanca - Inmo Sol y Casas<\/title>\n<meta name=\"description\" content=\"Nos especializamos en la compra y venta holandesa, belga y espa\u00f1ola de bienes inmuebles en la Costa Blanca desde hace 25 a\u00f1os.\" \/>\n<meta name=\"robots\" content=\"index, follow, max-snippet:-1, max-image-preview:large, max-video-preview:-1\" \/>\n<link rel=\"canonical\" href=\"https:\/\/inmosolycasas.com\/es\/obre-agencia-inmobiliaria-costa-blanca\/\" \/>\n<meta property=\"og:locale\" content=\"es_ES\" \/>\n<meta property=\"og:type\" content=\"article\" \/>\n<meta property=\"og:title\" content=\"Sobre Agencia Inmobiliaria Costa Blanca - Inmo Sol y Casas\" \/>\n<meta property=\"og:description\" content=\"Nos especializamos en la compra y venta holandesa, belga y espa\u00f1ola de bienes inmuebles en la Costa Blanca desde hace 25 a\u00f1os.\" \/>\n<meta property=\"og:url\" content=\"https:\/\/inmosolycasas.com\/es\/obre-agencia-inmobiliaria-costa-blanca\/\" \/>\n<meta property=\"og:site_name\" content=\"Inmo Sol y Casas\" \/>\n<meta property=\"article:modified_time\" content=\"2022-08-22T09:04:21+00:00\" \/>\n<meta property=\"og:image\" content=\"https:\/\/inmosolycasas.com\/wp-content\/uploads\/2022\/04\/shutterstock_585352154.jpg\" \/>\n\t<meta property=\"og:image:width\" content=\"1750\" \/>\n\t<meta property=\"og:image:height\" content=\"1167\" \/>\n\t<meta property=\"og:image:type\" content=\"image\/jpeg\" \/>\n<meta name=\"twitter:card\" content=\"summary_large_image\" \/>\n<meta name=\"twitter:label1\" content=\"Tiempo de lectura\" \/>\n\t<meta name=\"twitter:data1\" content=\"5 minutos\" \/>\n<script type=\"application\/ld+json\" class=\"yoast-schema-graph\">{\"@context\":\"https:\/\/schema.org\",\"@graph\":[{\"@type\":\"Organization\",\"@id\":\"https:\/\/inmosolycasas.com\/#organization\",\"name\":\"Casa Galera\",\"url\":\"https:\/\/inmosolycasas.com\/\",\"sameAs\":[],\"logo\":{\"@type\":\"ImageObject\",\"@id\":\"https:\/\/inmosolycasas.com\/#logo\",\"inLanguage\":\"es\",\"url\":\"https:\/\/inmosolycasas.com\/wp-content\/uploads\/2021\/04\/logo.png\",\"contentUrl\":\"https:\/\/inmosolycasas.com\/wp-content\/uploads\/2021\/04\/logo.png\",\"width\":250,\"height\":83,\"caption\":\"Casa Galera\"},\"image\":{\"@id\":\"https:\/\/inmosolycasas.com\/#logo\"}},{\"@type\":\"WebSite\",\"@id\":\"https:\/\/inmosolycasas.com\/#website\",\"url\":\"https:\/\/inmosolycasas.com\/\",\"name\":\"Inmo Sol y Casas\",\"description\":\"\",\"publisher\":{\"@id\":\"https:\/\/inmosolycasas.com\/#organization\"},\"potentialAction\":[{\"@type\":\"SearchAction\",\"target\":{\"@type\":\"EntryPoint\",\"urlTemplate\":\"https:\/\/inmosolycasas.com\/?s={search_term_string}\"},\"query-input\":\"required name=search_term_string\"}],\"inLanguage\":\"es\"},{\"@type\":\"ImageObject\",\"@id\":\"https:\/\/inmosolycasas.com\/es\/obre-agencia-inmobiliaria-costa-blanca\/#primaryimage\",\"inLanguage\":\"es\",\"url\":\"https:\/\/inmosolycasas.com\/wp-content\/uploads\/2022\/04\/shutterstock_585352154.jpg\",\"contentUrl\":\"https:\/\/inmosolycasas.com\/wp-content\/uploads\/2022\/04\/shutterstock_585352154.jpg\",\"width\":1750,\"height\":1167,\"caption\":\"Altea Makelaar aan de Costa Blanca\"},{\"@type\":\"WebPage\",\"@id\":\"https:\/\/inmosolycasas.com\/es\/obre-agencia-inmobiliaria-costa-blanca\/#webpage\",\"url\":\"https:\/\/inmosolycasas.com\/es\/obre-agencia-inmobiliaria-costa-blanca\/\",\"name\":\"Sobre Agencia Inmobiliaria Costa Blanca - Inmo Sol y Casas\",\"isPartOf\":{\"@id\":\"https:\/\/inmosolycasas.com\/#website\"},\"primaryImageOfPage\":{\"@id\":\"https:\/\/inmosolycasas.com\/es\/obre-agencia-inmobiliaria-costa-blanca\/#primaryimage\"},\"datePublished\":\"2016-03-10T13:36:36+00:00\",\"dateModified\":\"2022-08-22T09:04:21+00:00\",\"description\":\"Nos especializamos en la compra y venta holandesa, belga y espa\u00f1ola de bienes inmuebles en la Costa Blanca desde hace 25 a\u00f1os.\",\"breadcrumb\":{\"@id\":\"https:\/\/inmosolycasas.com\/es\/obre-agencia-inmobiliaria-costa-blanca\/#breadcrumb\"},\"inLanguage\":\"es\",\"potentialAction\":[{\"@type\":\"ReadAction\",\"target\":[\"https:\/\/inmosolycasas.com\/es\/obre-agencia-inmobiliaria-costa-blanca\/\"]}]},{\"@type\":\"BreadcrumbList\",\"@id\":\"https:\/\/inmosolycasas.com\/es\/obre-agencia-inmobiliaria-costa-blanca\/#breadcrumb\",\"itemListElement\":[{\"@type\":\"ListItem\",\"position\":1,\"name\":\"Home\",\"item\":\"https:\/\/inmosolycasas.com\/es\/\"},{\"@type\":\"ListItem\",\"position\":2,\"name\":\"Sobre nosotros\"}]}]}<\/script>\n<!-- \/ Yoast SEO plugin. -->","yoast_head_json":{"title":"Sobre Agencia Inmobiliaria Costa Blanca - Inmo Sol y Casas","description":"Nos especializamos en la compra y venta holandesa, belga y espa\u00f1ola de bienes inmuebles en la Costa Blanca desde hace 25 a\u00f1os.","robots":{"index":"index","follow":"follow","max-snippet":"max-snippet:-1","max-image-preview":"max-image-preview:large","max-video-preview":"max-video-preview:-1"},"canonical":"https:\/\/inmosolycasas.com\/es\/obre-agencia-inmobiliaria-costa-blanca\/","og_locale":"es_ES","og_type":"article","og_title":"Sobre Agencia Inmobiliaria Costa Blanca - Inmo Sol y Casas","og_description":"Nos especializamos en la compra y venta holandesa, belga y espa\u00f1ola de bienes inmuebles en la Costa Blanca desde hace 25 a\u00f1os.","og_url":"https:\/\/inmosolycasas.com\/es\/obre-agencia-inmobiliaria-costa-blanca\/","og_site_name":"Inmo Sol y Casas","article_modified_time":"2022-08-22T09:04:21+00:00","og_image":[{"width":1750,"height":1167,"url":"https:\/\/inmosolycasas.com\/wp-content\/uploads\/2022\/04\/shutterstock_585352154.jpg","type":"image\/jpeg"}],"twitter_card":"summary_large_image","twitter_misc":{"Tiempo de lectura":"5 minutos"},"schema":{"@context":"https:\/\/schema.org","@graph":[{"@type":"Organization","@id":"https:\/\/inmosolycasas.com\/#organization","name":"Casa Galera","url":"https:\/\/inmosolycasas.com\/","sameAs":[],"logo":{"@type":"ImageObject","@id":"https:\/\/inmosolycasas.com\/#logo","inLanguage":"es","url":"https:\/\/inmosolycasas.com\/wp-content\/uploads\/2021\/04\/logo.png","contentUrl":"https:\/\/inmosolycasas.com\/wp-content\/uploads\/2021\/04\/logo.png","width":250,"height":83,"caption":"Casa Galera"},"image":{"@id":"https:\/\/inmosolycasas.com\/#logo"}},{"@type":"WebSite","@id":"https:\/\/inmosolycasas.com\/#website","url":"https:\/\/inmosolycasas.com\/","name":"Inmo Sol y Casas","description":"","publisher":{"@id":"https:\/\/inmosolycasas.com\/#organization"},"potentialAction":[{"@type":"SearchAction","target":{"@type":"EntryPoint","urlTemplate":"https:\/\/inmosolycasas.com\/?s={search_term_string}"},"query-input":"required name=search_term_string"}],"inLanguage":"es"},{"@type":"ImageObject","@id":"https:\/\/inmosolycasas.com\/es\/obre-agencia-inmobiliaria-costa-blanca\/#primaryimage","inLanguage":"es","url":"https:\/\/inmosolycasas.com\/wp-content\/uploads\/2022\/04\/shutterstock_585352154.jpg","contentUrl":"https:\/\/inmosolycasas.com\/wp-content\/uploads\/2022\/04\/shutterstock_585352154.jpg","width":1750,"height":1167,"caption":"Altea Makelaar aan de Costa Blanca"},{"@type":"WebPage","@id":"https:\/\/inmosolycasas.com\/es\/obre-agencia-inmobiliaria-costa-blanca\/#webpage","url":"https:\/\/inmosolycasas.com\/es\/obre-agencia-inmobiliaria-costa-blanca\/","name":"Sobre Agencia Inmobiliaria Costa Blanca - Inmo Sol y Casas","isPartOf":{"@id":"https:\/\/inmosolycasas.com\/#website"},"primaryImageOfPage":{"@id":"https:\/\/inmosolycasas.com\/es\/obre-agencia-inmobiliaria-costa-blanca\/#primaryimage"},"datePublished":"2016-03-10T13:36:36+00:00","dateModified":"2022-08-22T09:04:21+00:00","description":"Nos especializamos en la compra y venta holandesa, belga y espa\u00f1ola de bienes inmuebles en la Costa Blanca desde hace 25 a\u00f1os.","breadcrumb":{"@id":"https:\/\/inmosolycasas.com\/es\/obre-agencia-inmobiliaria-costa-blanca\/#breadcrumb"},"inLanguage":"es","potentialAction":[{"@type":"ReadAction","target":["https:\/\/inmosolycasas.com\/es\/obre-agencia-inmobiliaria-costa-blanca\/"]}]},{"@type":"BreadcrumbList","@id":"https:\/\/inmosolycasas.com\/es\/obre-agencia-inmobiliaria-costa-blanca\/#breadcrumb","itemListElement":[{"@type":"ListItem","position":1,"name":"Home","item":"https:\/\/inmosolycasas.com\/es\/"},{"@type":"ListItem","position":2,"name":"Sobre nosotros"}]}]}},"_links":{"self":[{"href":"https:\/\/inmosolycasas.com\/es\/wp-json\/wp\/v2\/pages\/10353"}],"collection":[{"href":"https:\/\/inmosolycasas.com\/es\/wp-json\/wp\/v2\/pages"}],"about":[{"href":"https:\/\/inmosolycasas.com\/es\/wp-json\/wp\/v2\/types\/page"}],"author":[{"embeddable":true,"href":"https:\/\/inmosolycasas.com\/es\/wp-json\/wp\/v2\/users\/1"}],"replies":[{"embeddable":true,"href":"https:\/\/inmosolycasas.com\/es\/wp-json\/wp\/v2\/comments?post=10353"}],"version-history":[{"count":6,"href":"https:\/\/inmosolycasas.com\/es\/wp-json\/wp\/v2\/pages\/10353\/revisions"}],"predecessor-version":[{"id":79998,"href":"https:\/\/inmosolycasas.com\/es\/wp-json\/wp\/v2\/pages\/10353\/revisions\/79998"}],"wp:featuredmedia":[{"embeddable":true,"href":"https:\/\/inmosolycasas.com\/es\/wp-json\/wp\/v2\/media\/68370"}],"wp:attachment":[{"href":"https:\/\/inmosolycasas.com\/es\/wp-json\/wp\/v2\/media?parent=10353"}],"curies":[{"name":"wp","href":"https:\/\/api.w.org\/{rel}","templated":true}]}}