
{"id":48846,"date":"2021-05-12T16:37:33","date_gmt":"2021-05-12T14:37:33","guid":{"rendered":"https:\/\/inmosolycasas.com\/verkoop\/"},"modified":"2022-06-09T11:46:44","modified_gmt":"2022-06-09T09:46:44","slug":"vender","status":"publish","type":"page","link":"https:\/\/inmosolycasas.com\/es\/vender\/","title":{"rendered":"Vender"},"content":{"rendered":"\t\t<div data-elementor-type=\"wp-page\" data-elementor-id=\"48846\" class=\"elementor elementor-48846 elementor-48825\" data-elementor-settings=\"[]\">\n\t\t\t\t\t\t\t<div class=\"elementor-section-wrap\">\n\t\t\t\t\t\t\t<section class=\"elementor-section elementor-top-section elementor-element elementor-element-29d2c6b elementor-section-height-min-height animated-slow elementor-section-boxed elementor-section-height-default elementor-section-items-middle elementor-invisible\" data-id=\"29d2c6b\" data-element_type=\"section\" data-settings=\"{&quot;background_background&quot;:&quot;classic&quot;,&quot;animation&quot;:&quot;fadeIn&quot;}\">\n\t\t\t\t\t\t\t<div class=\"elementor-background-overlay\"><\/div>\n\t\t\t\t\t\t\t<div class=\"elementor-container elementor-column-gap-default\">\n\t\t\t\t\t<div class=\"elementor-column elementor-col-100 elementor-top-column elementor-element elementor-element-307ca44\" data-id=\"307ca44\" data-element_type=\"column\">\n\t\t\t<div class=\"elementor-widget-wrap elementor-element-populated\">\n\t\t\t\t\t\t\t\t<div class=\"elementor-element elementor-element-ccf47ba elementor-widget elementor-widget-houzez_elementor_section_title\" data-id=\"ccf47ba\" data-element_type=\"widget\" data-widget_type=\"houzez_elementor_section_title.default\">\n\t\t\t\t<div class=\"elementor-widget-container\">\n\t\t\t            <div class=\"houzez_section_title_wrap section-title-module\">\n                                    <h2 class=\"houzez_section_title\">Quiero vender mi casa<\/h2>\n                \n                            <\/div>\n            \t\t<\/div>\n\t\t\t\t<\/div>\n\t\t\t\t<div class=\"elementor-element elementor-element-ebd7831 elementor-widget elementor-widget-html\" data-id=\"ebd7831\" data-element_type=\"widget\" data-widget_type=\"html.default\">\n\t\t\t\t<div class=\"elementor-widget-container\">\n\t\t\t<style>\n    #desktop-header-search { display:none;\n    }\n<\/style>\t\t<\/div>\n\t\t\t\t<\/div>\n\t\t\t\t\t<\/div>\n\t\t<\/div>\n\t\t\t\t\t\t\t<\/div>\n\t\t<\/section>\n\t\t\t\t<section class=\"elementor-section elementor-top-section elementor-element elementor-element-d067833 elementor-section-boxed elementor-section-height-default elementor-section-height-default\" data-id=\"d067833\" data-element_type=\"section\" data-settings=\"{&quot;background_background&quot;:&quot;classic&quot;}\">\n\t\t\t\t\t\t<div class=\"elementor-container elementor-column-gap-default\">\n\t\t\t\t\t<div class=\"elementor-column elementor-col-100 elementor-top-column elementor-element elementor-element-2db681b\" data-id=\"2db681b\" data-element_type=\"column\">\n\t\t\t<div class=\"elementor-widget-wrap elementor-element-populated\">\n\t\t\t\t\t\t\t\t<div class=\"elementor-element elementor-element-5ad9410 elementor-widget elementor-widget-spacer\" data-id=\"5ad9410\" data-element_type=\"widget\" data-widget_type=\"spacer.default\">\n\t\t\t\t<div class=\"elementor-widget-container\">\n\t\t\t\t\t<div class=\"elementor-spacer\">\n\t\t\t<div class=\"elementor-spacer-inner\"><\/div>\n\t\t<\/div>\n\t\t\t\t<\/div>\n\t\t\t\t<\/div>\n\t\t\t\t<div class=\"elementor-element elementor-element-9d9faec elementor-widget elementor-widget-text-editor\" data-id=\"9d9faec\" data-element_type=\"widget\" data-widget_type=\"text-editor.default\">\n\t\t\t\t<div class=\"elementor-widget-container\">\n\t\t\t\t\t\t\t<p>Trabajamos con muchos agentes inmobiliarios en la Costa Blanca y su casa se ofrecer\u00e1 en varios sitios web de bienes ra\u00edces, as\u00ed como en los sitios web en el extranjero, incluyendo FUNDA en los Pa\u00edses Bajos, que tiene m\u00e1s de 40 millones de visitantes al mes que le ofrece una audiencia mucho m\u00e1s amplia y el alcance de su casa que si lo puso con un agente inmobiliario. Todos los contactos y las visitas a trav\u00e9s de otros agentes pasan por nosotros, lo que le facilita tener una sola persona de contacto.<\/p>\t\t\t\t\t\t<\/div>\n\t\t\t\t<\/div>\n\t\t\t\t<div class=\"elementor-element elementor-element-326991d elementor-widget elementor-widget-spacer\" data-id=\"326991d\" data-element_type=\"widget\" data-widget_type=\"spacer.default\">\n\t\t\t\t<div class=\"elementor-widget-container\">\n\t\t\t\t\t<div class=\"elementor-spacer\">\n\t\t\t<div class=\"elementor-spacer-inner\"><\/div>\n\t\t<\/div>\n\t\t\t\t<\/div>\n\t\t\t\t<\/div>\n\t\t\t\t\t<\/div>\n\t\t<\/div>\n\t\t\t\t\t\t\t<\/div>\n\t\t<\/section>\n\t\t\t\t<section class=\"elementor-section elementor-top-section elementor-element elementor-element-dfa4ff2 elementor-section-boxed elementor-section-height-default elementor-section-height-default\" data-id=\"dfa4ff2\" data-element_type=\"section\" data-settings=\"{&quot;background_background&quot;:&quot;classic&quot;}\">\n\t\t\t\t\t\t<div class=\"elementor-container elementor-column-gap-default\">\n\t\t\t\t\t<div class=\"elementor-column elementor-col-100 elementor-top-column elementor-element elementor-element-0578756\" data-id=\"0578756\" data-element_type=\"column\">\n\t\t\t<div class=\"elementor-widget-wrap elementor-element-populated\">\n\t\t\t\t\t\t\t\t<section class=\"elementor-section elementor-inner-section elementor-element elementor-element-bb1259d elementor-section-boxed elementor-section-height-default elementor-section-height-default\" data-id=\"bb1259d\" data-element_type=\"section\">\n\t\t\t\t\t\t<div class=\"elementor-container elementor-column-gap-default\">\n\t\t\t\t\t<div class=\"elementor-column elementor-col-33 elementor-inner-column elementor-element elementor-element-e47a241\" data-id=\"e47a241\" data-element_type=\"column\">\n\t\t\t<div class=\"elementor-widget-wrap\">\n\t\t\t\t\t\t\t\t\t<\/div>\n\t\t<\/div>\n\t\t\t\t<div class=\"elementor-column elementor-col-33 elementor-inner-column elementor-element elementor-element-e6310b7\" data-id=\"e6310b7\" data-element_type=\"column\">\n\t\t\t<div class=\"elementor-widget-wrap elementor-element-populated\">\n\t\t\t\t\t\t\t\t<div class=\"elementor-element elementor-element-116fe5e elementor-widget elementor-widget-heading\" data-id=\"116fe5e\" data-element_type=\"widget\" data-widget_type=\"heading.default\">\n\t\t\t\t<div class=\"elementor-widget-container\">\n\t\t\t<h2 class=\"elementor-heading-title elementor-size-default\">Contacte con nosotros para vender su propiedad<\/h2>\t\t<\/div>\n\t\t\t\t<\/div>\n\t\t\t\t<div class=\"elementor-element elementor-element-a490a74 elementor-button-align-stretch elementor-widget elementor-widget-houzez_elementor_contact_form\" data-id=\"a490a74\" data-element_type=\"widget\" data-widget_type=\"houzez_elementor_contact_form.default\">\n\t\t\t\t<div class=\"elementor-widget-container\">\n\t\t\t\n        <script type=\"application\/javascript\">\n            jQuery(document).bind(\"ready\", function () {\n                houzezValidateElementor(\"#houzez-form-a490a74\" );\n            });\n        <\/script>\n\n        <form class=\"elementor-form\" id=\"houzez-form-a490a74\" method=\"post\" name=\"New Form\" action=\"https:\/\/inmosolycasas.com\/wp-admin\/admin-ajax.php\">\n            <input type=\"hidden\" name=\"form_id\" value=\"a490a74\"\/>\n            <input type=\"hidden\" name=\"houzez_contact_form\" value=\"yes\"\/>\n            <input type=\"hidden\" name=\"action\" value=\"houzez_ele_contact_form\" \/>\n            <input type=\"hidden\" name=\"source_link\" value=\"https:\/\/inmosolycasas.com\/es\/vender\/\" \/>\n            <input type=\"hidden\" name=\"lead_page_id\" value=\"48846\" \/>\n            <input type=\"hidden\" name=\"email_to\" value=\"info@inmosolycasas.com\" \/>\n            <input type=\"hidden\" name=\"email_subject\" value=\"New message from &quot;Inmo Sol y Casas&quot;\" \/>\n            <input type=\"hidden\" name=\"email_to_cc\" value=\"\" \/>\n            <input type=\"hidden\" name=\"email_to_bcc\" value=\"\" \/>\n            <input type=\"hidden\" name=\"webhook\" value=\"false\" \/>\n            <input type=\"hidden\" name=\"webhook_url\" value=\"\" \/>\n            <input type=\"hidden\" name=\"redirect_to\" value=\"\" \/>\n            \n\n            <div class=\"elementor-form-fields-wrapper elementor-labels-above\">\n\n                                    <div class=\"elementor-field-group elementor-column form-group elementor-field-group-name elementor-col-100\">\n                    <label for=\"form-field-name\" class=\"elementor-field-label\">Nombre<\/label><input type=\"text\" name=\"name\" id=\"form-field-name\" class=\"elementor-field form-control elementor-size-sm elementor-field-textual\" placeholder=\"Nombre\" title=\"* Nombre\">                    <\/div>\n\n                                        <div class=\"elementor-field-group elementor-column form-group elementor-field-group-email elementor-col-100 elementor-field-required\">\n                    <label for=\"form-field-email\" class=\"elementor-field-label\">Email<\/label><input type=\"email\" name=\"email\" id=\"form-field-email\" class=\"elementor-field form-control elementor-size-sm elementor-field-textual\" placeholder=\"Email\" title=\"* Email\" required=\"required\">                    <\/div>\n\n                                        <div class=\"elementor-field-group elementor-column form-group elementor-field-group-8a1fc30 elementor-col-100\">\n                    <label for=\"form-field-8a1fc30\" class=\"elementor-field-label\">Telefono<\/label><input type=\"text\" name=\"mobile\" id=\"form-field-8a1fc30\" class=\"elementor-field form-control elementor-size-sm elementor-field-textual\" placeholder=\"Telefono\" title=\"* Telefono\">                    <\/div>\n\n                                        <div class=\"elementor-field-group elementor-column form-group elementor-field-group-message elementor-col-100\">\n                    <label for=\"form-field-message\" class=\"elementor-field-label\">Mensaje<\/label><textarea class=\"elementor-field-textual elementor-field elementor-size-sm\" name=\"message\" id=\"form-field-message\" rows=\"4\" placeholder=\"Mensaje\"><\/textarea>                    <\/div>\n\n                    \n                                        <div class=\"houzez-gdpr-agreement elementor-field-group elementor-col-100\">\n                        <label for=\"gdpr_agreement\" class=\"elementor-field-label\"><\/label>\n                        <div class=\"gdpr-agreement-subgroup\">\n                            <span class=\"gdpr-field-option\">\n                                <label class=\"gdpr-text\" for=\"gdpr_agreement\">\n                                    <input required type=\"checkbox\" name=\"gdpr_agreement\" id=\"gdpr_agreement\" title=\"* \">  Acepto que mis datos ser\u00e1n procesados \u200b\u200by almacenados por Inmo Sol y Casas                                <\/label>\n                            <\/span>\n                        <\/div>             \n                    <\/div>\n                    \n                    \n                    <div class=\"elementor-field-group elementor-column elementor-field-type-submit elementor-col-100\">\n                    <button type=\"submit\" class=\"btn houzez-submit-button houzez-contact-form-js elementor-button elementor-size-sm\">\n                        <i class=\"btn-loader houzez-loader-js\"><\/i>\n                                                    Enviar                                            <\/button>\n                <\/div>\n            <\/div><!-- End wrapper-->\n            <br\/>\n            <div class=\"ele-form-messages\"><\/div>\n            <div class=\"error-container\"><\/div>\n\n        <\/form>\n\n    \t\t<\/div>\n\t\t\t\t<\/div>\n\t\t\t\t\t<\/div>\n\t\t<\/div>\n\t\t\t\t<div class=\"elementor-column elementor-col-33 elementor-inner-column elementor-element elementor-element-4b2d581\" data-id=\"4b2d581\" data-element_type=\"column\">\n\t\t\t<div class=\"elementor-widget-wrap\">\n\t\t\t\t\t\t\t\t\t<\/div>\n\t\t<\/div>\n\t\t\t\t\t\t\t<\/div>\n\t\t<\/section>\n\t\t\t\t\t<\/div>\n\t\t<\/div>\n\t\t\t\t\t\t\t<\/div>\n\t\t<\/section>\n\t\t\t\t\t\t<\/div>\n\t\t\t\t\t<\/div>\n\t\t","protected":false},"excerpt":{"rendered":"<p>Quiero vender mi casa Trabajamos con muchos agentes inmobiliarios en la Costa Blanca y su casa se ofrecer\u00e1 en varios sitios web de bienes ra\u00edces, as\u00ed como en los sitios web en el extranjero, incluyendo FUNDA en los Pa\u00edses Bajos, que tiene m\u00e1s de 40 millones de visitantes al mes que le ofrece una audiencia [&hellip;]<\/p>\n","protected":false},"author":1,"featured_media":0,"parent":0,"menu_order":0,"comment_status":"closed","ping_status":"closed","template":"elementor_header_footer","meta":{"_monsterinsights_skip_tracking":false,"_monsterinsights_sitenote_active":false,"_monsterinsights_sitenote_note":"","_monsterinsights_sitenote_category":0},"yoast_head":"<!-- This site is optimized with the Yoast SEO plugin v18.6 - https:\/\/yoast.com\/wordpress\/plugins\/seo\/ -->\n<title>Vender - Inmo Sol y Casas<\/title>\n<meta name=\"robots\" content=\"index, follow, max-snippet:-1, max-image-preview:large, max-video-preview:-1\" \/>\n<link rel=\"canonical\" href=\"https:\/\/inmosolycasas.com\/es\/vender\/\" \/>\n<meta property=\"og:locale\" content=\"es_ES\" \/>\n<meta property=\"og:type\" content=\"article\" \/>\n<meta property=\"og:title\" content=\"Vender - Inmo Sol y Casas\" \/>\n<meta property=\"og:description\" content=\"Quiero vender mi casa Trabajamos con muchos agentes inmobiliarios en la Costa Blanca y su casa se ofrecer\u00e1 en varios sitios web de bienes ra\u00edces, as\u00ed como en los sitios web en el extranjero, incluyendo FUNDA en los Pa\u00edses Bajos, que tiene m\u00e1s de 40 millones de visitantes al mes que le ofrece una audiencia [&hellip;]\" \/>\n<meta property=\"og:url\" content=\"https:\/\/inmosolycasas.com\/es\/vender\/\" \/>\n<meta property=\"og:site_name\" content=\"Inmo Sol y Casas\" \/>\n<meta property=\"article:modified_time\" content=\"2022-06-09T09:46:44+00:00\" \/>\n<meta name=\"twitter:card\" content=\"summary_large_image\" \/>\n<meta name=\"twitter:label1\" content=\"Tiempo de lectura\" \/>\n\t<meta name=\"twitter:data1\" content=\"1 minuto\" \/>\n<script type=\"application\/ld+json\" class=\"yoast-schema-graph\">{\"@context\":\"https:\/\/schema.org\",\"@graph\":[{\"@type\":\"Organization\",\"@id\":\"https:\/\/inmosolycasas.com\/#organization\",\"name\":\"Casa Galera\",\"url\":\"https:\/\/inmosolycasas.com\/\",\"sameAs\":[],\"logo\":{\"@type\":\"ImageObject\",\"@id\":\"https:\/\/inmosolycasas.com\/#logo\",\"inLanguage\":\"es\",\"url\":\"https:\/\/inmosolycasas.com\/wp-content\/uploads\/2021\/04\/logo.png\",\"contentUrl\":\"https:\/\/inmosolycasas.com\/wp-content\/uploads\/2021\/04\/logo.png\",\"width\":250,\"height\":83,\"caption\":\"Casa Galera\"},\"image\":{\"@id\":\"https:\/\/inmosolycasas.com\/#logo\"}},{\"@type\":\"WebSite\",\"@id\":\"https:\/\/inmosolycasas.com\/#website\",\"url\":\"https:\/\/inmosolycasas.com\/\",\"name\":\"Inmo Sol y Casas\",\"description\":\"\",\"publisher\":{\"@id\":\"https:\/\/inmosolycasas.com\/#organization\"},\"potentialAction\":[{\"@type\":\"SearchAction\",\"target\":{\"@type\":\"EntryPoint\",\"urlTemplate\":\"https:\/\/inmosolycasas.com\/?s={search_term_string}\"},\"query-input\":\"required name=search_term_string\"}],\"inLanguage\":\"es\"},{\"@type\":\"WebPage\",\"@id\":\"https:\/\/inmosolycasas.com\/es\/vender\/#webpage\",\"url\":\"https:\/\/inmosolycasas.com\/es\/vender\/\",\"name\":\"Vender - Inmo Sol y Casas\",\"isPartOf\":{\"@id\":\"https:\/\/inmosolycasas.com\/#website\"},\"datePublished\":\"2021-05-12T14:37:33+00:00\",\"dateModified\":\"2022-06-09T09:46:44+00:00\",\"breadcrumb\":{\"@id\":\"https:\/\/inmosolycasas.com\/es\/vender\/#breadcrumb\"},\"inLanguage\":\"es\",\"potentialAction\":[{\"@type\":\"ReadAction\",\"target\":[\"https:\/\/inmosolycasas.com\/es\/vender\/\"]}]},{\"@type\":\"BreadcrumbList\",\"@id\":\"https:\/\/inmosolycasas.com\/es\/vender\/#breadcrumb\",\"itemListElement\":[{\"@type\":\"ListItem\",\"position\":1,\"name\":\"Home\",\"item\":\"https:\/\/inmosolycasas.com\/es\/\"},{\"@type\":\"ListItem\",\"position\":2,\"name\":\"Vender\"}]}]}<\/script>\n<!-- \/ Yoast SEO plugin. -->","yoast_head_json":{"title":"Vender - Inmo Sol y Casas","robots":{"index":"index","follow":"follow","max-snippet":"max-snippet:-1","max-image-preview":"max-image-preview:large","max-video-preview":"max-video-preview:-1"},"canonical":"https:\/\/inmosolycasas.com\/es\/vender\/","og_locale":"es_ES","og_type":"article","og_title":"Vender - Inmo Sol y Casas","og_description":"Quiero vender mi casa Trabajamos con muchos agentes inmobiliarios en la Costa Blanca y su casa se ofrecer\u00e1 en varios sitios web de bienes ra\u00edces, as\u00ed como en los sitios web en el extranjero, incluyendo FUNDA en los Pa\u00edses Bajos, que tiene m\u00e1s de 40 millones de visitantes al mes que le ofrece una audiencia [&hellip;]","og_url":"https:\/\/inmosolycasas.com\/es\/vender\/","og_site_name":"Inmo Sol y Casas","article_modified_time":"2022-06-09T09:46:44+00:00","twitter_card":"summary_large_image","twitter_misc":{"Tiempo de lectura":"1 minuto"},"schema":{"@context":"https:\/\/schema.org","@graph":[{"@type":"Organization","@id":"https:\/\/inmosolycasas.com\/#organization","name":"Casa Galera","url":"https:\/\/inmosolycasas.com\/","sameAs":[],"logo":{"@type":"ImageObject","@id":"https:\/\/inmosolycasas.com\/#logo","inLanguage":"es","url":"https:\/\/inmosolycasas.com\/wp-content\/uploads\/2021\/04\/logo.png","contentUrl":"https:\/\/inmosolycasas.com\/wp-content\/uploads\/2021\/04\/logo.png","width":250,"height":83,"caption":"Casa Galera"},"image":{"@id":"https:\/\/inmosolycasas.com\/#logo"}},{"@type":"WebSite","@id":"https:\/\/inmosolycasas.com\/#website","url":"https:\/\/inmosolycasas.com\/","name":"Inmo Sol y Casas","description":"","publisher":{"@id":"https:\/\/inmosolycasas.com\/#organization"},"potentialAction":[{"@type":"SearchAction","target":{"@type":"EntryPoint","urlTemplate":"https:\/\/inmosolycasas.com\/?s={search_term_string}"},"query-input":"required name=search_term_string"}],"inLanguage":"es"},{"@type":"WebPage","@id":"https:\/\/inmosolycasas.com\/es\/vender\/#webpage","url":"https:\/\/inmosolycasas.com\/es\/vender\/","name":"Vender - Inmo Sol y Casas","isPartOf":{"@id":"https:\/\/inmosolycasas.com\/#website"},"datePublished":"2021-05-12T14:37:33+00:00","dateModified":"2022-06-09T09:46:44+00:00","breadcrumb":{"@id":"https:\/\/inmosolycasas.com\/es\/vender\/#breadcrumb"},"inLanguage":"es","potentialAction":[{"@type":"ReadAction","target":["https:\/\/inmosolycasas.com\/es\/vender\/"]}]},{"@type":"BreadcrumbList","@id":"https:\/\/inmosolycasas.com\/es\/vender\/#breadcrumb","itemListElement":[{"@type":"ListItem","position":1,"name":"Home","item":"https:\/\/inmosolycasas.com\/es\/"},{"@type":"ListItem","position":2,"name":"Vender"}]}]}},"_links":{"self":[{"href":"https:\/\/inmosolycasas.com\/es\/wp-json\/wp\/v2\/pages\/48846"}],"collection":[{"href":"https:\/\/inmosolycasas.com\/es\/wp-json\/wp\/v2\/pages"}],"about":[{"href":"https:\/\/inmosolycasas.com\/es\/wp-json\/wp\/v2\/types\/page"}],"author":[{"embeddable":true,"href":"https:\/\/inmosolycasas.com\/es\/wp-json\/wp\/v2\/users\/1"}],"replies":[{"embeddable":true,"href":"https:\/\/inmosolycasas.com\/es\/wp-json\/wp\/v2\/comments?post=48846"}],"version-history":[{"count":15,"href":"https:\/\/inmosolycasas.com\/es\/wp-json\/wp\/v2\/pages\/48846\/revisions"}],"predecessor-version":[{"id":72281,"href":"https:\/\/inmosolycasas.com\/es\/wp-json\/wp\/v2\/pages\/48846\/revisions\/72281"}],"wp:attachment":[{"href":"https:\/\/inmosolycasas.com\/es\/wp-json\/wp\/v2\/media?parent=48846"}],"curies":[{"name":"wp","href":"https:\/\/api.w.org\/{rel}","templated":true}]}}